{"id":904,"date":"2025-05-12T17:06:40","date_gmt":"2025-05-12T15:06:40","guid":{"rendered":"https:\/\/poquetapoquet.com\/?page_id=904"},"modified":"2025-07-28T16:57:05","modified_gmt":"2025-07-28T14:57:05","slug":"aviso-legal","status":"publish","type":"page","link":"https:\/\/poquetapoquet.com\/en\/aviso-legal\/","title":{"rendered":"Legal advise"},"content":{"rendered":"<div data-elementor-type=\"wp-page\" data-elementor-id=\"904\" class=\"elementor elementor-904\">\n\t\t\t\t<div class=\"elementor-element elementor-element-d65da9f e-flex e-con-boxed e-con e-parent\" data-id=\"d65da9f\" data-element_type=\"container\" data-settings=\"{&quot;background_background&quot;:&quot;classic&quot;}\">\n\t\t\t\t\t<div class=\"e-con-inner\">\n\t\t\t\t<div class=\"elementor-element elementor-element-832ebe0 elementor-widget elementor-widget-heading\" data-id=\"832ebe0\" data-element_type=\"widget\" data-widget_type=\"heading.default\">\n\t\t\t\t<div class=\"elementor-widget-container\">\n\t\t\t\t\t<h2 class=\"elementor-heading-title elementor-size-default\">Legal advise<\/h2>\t\t\t\t<\/div>\n\t\t\t\t<\/div>\n\t\t\t\t\t<\/div>\n\t\t\t\t<\/div>\n\t\t<div class=\"elementor-element elementor-element-20b436c e-flex e-con-boxed e-con e-parent\" data-id=\"20b436c\" data-element_type=\"container\" data-settings=\"{&quot;background_background&quot;:&quot;classic&quot;}\">\n\t\t\t\t\t<div class=\"e-con-inner\">\n\t\t\t\t<div class=\"elementor-element elementor-element-52fad3c elementor-widget elementor-widget-spacer\" data-id=\"52fad3c\" data-element_type=\"widget\" data-widget_type=\"spacer.default\">\n\t\t\t\t<div class=\"elementor-widget-container\">\n\t\t\t\t\t\t\t<div class=\"elementor-spacer\">\n\t\t\t<div class=\"elementor-spacer-inner\"><\/div>\n\t\t<\/div>\n\t\t\t\t\t\t<\/div>\n\t\t\t\t<\/div>\n\t\t\t\t<div class=\"elementor-element elementor-element-6053942 elementor-widget__width-initial elementor-widget elementor-widget-text-editor\" data-id=\"6053942\" data-element_type=\"widget\" data-widget_type=\"text-editor.default\">\n\t\t\t\t<div class=\"elementor-widget-container\">\n\t\t\t\t\t\t\t\t\t<p>En cumplimiento del art\u00edculo 10 de la Ley 34\/2002, del 11 de julio, de servicios de la Sociedad de la Informaci\u00f3n y Comercio<\/p><p>Electr\u00f3nico (LSSICE) se exponen a continuaci\u00f3n los datos identificativos de la empresa titular de esta p\u00e1gina web.<\/p><p><strong>Denominaci\u00f3n social: <\/strong>POQUET A POQUET SL<\/p><p><strong>N\u00famero de identificaci\u00f3n fiscal:<\/strong> B13777305<\/p><p><strong>Domicilio social: <a title=\"CALLE MARQUES DE CAMPO, 54, 3\u00ba C. 03700, DENIA (ALICANTE). ESPA\u00d1A.\" href=\"https:\/\/www.google.com\/maps?q=CALLE MARQUES DE CAMPO, 54, 3\u00ba C. 03700, DENIA (ALICANTE). ESPA\u00d1A.\" target=\"_blank\" rel=\"noopener\">CALLE MARQUES DE CAMPO, 54, 3\u00ba C. 03700, DENIA (Alicante)<\/a><\/strong><\/p><p><strong>Correo electr\u00f3nico:<\/strong> info@poquetapoquet.com<\/p><p><strong>Tel\u00e9fono:<\/strong> 633 08 66 07<\/p><p>Este sitio web ha sido creado por la empresa POQUET A POQUET SL con car\u00e1cter informativo y para uso personal de los usuarios.<\/p><p>A trav\u00e9s de este Aviso legal, se pretende regular el acceso y uso de este sitio web, as\u00ed como la relaci\u00f3n entre el sitio web y sus usuarios.<\/p><p>Accediendo a este sitio web se aceptan los siguientes t\u00e9rminos y condiciones:<br \/>\u00b7 El acceso a este sitio web es responsabilidad exclusiva de los usuarios.<br \/>\u00b7 El simple acceso a este sitio web no supone entablar ning\u00fan tipo de relaci\u00f3n comercial entre POQUET A POQUET SL y el usuario.<br \/>\u00b7 El acceso y la navegaci\u00f3n en este sitio web supone aceptar y conocer las advertencias legales, condiciones y t\u00e9rminos de uso contenidas en ella.<br \/>\u00b7 El titular del sitio web puede ofrecer servicios o productos que podr\u00e1n encontrarse sometidos a unas condiciones particulares propias que, seg\u00fan los casos, sustituyan, completen y\/o modifiquen las presentes condiciones, y sobre las cuales se informar\u00e1 al usuario en cada caso concreto.<\/p><p>Datos de inscripci\u00f3n en el registro mercantil<\/p><p>Este sitio web ha sido creado por la empresa POQUET A POQUET SL con car\u00e1cter informativo y para uso personal de los usuarios.<\/p>\t\t\t\t\t\t\t\t<\/div>\n\t\t\t\t<\/div>\n\t\t\t\t<div class=\"elementor-element elementor-element-29447fd elementor-widget elementor-widget-spacer\" data-id=\"29447fd\" data-element_type=\"widget\" data-widget_type=\"spacer.default\">\n\t\t\t\t<div class=\"elementor-widget-container\">\n\t\t\t\t\t\t\t<div class=\"elementor-spacer\">\n\t\t\t<div class=\"elementor-spacer-inner\"><\/div>\n\t\t<\/div>\n\t\t\t\t\t\t<\/div>\n\t\t\t\t<\/div>\n\t\t\t\t\t<\/div>\n\t\t\t\t<\/div>\n\t\t\t\t<\/div>","protected":false},"excerpt":{"rendered":"<p>Aviso legal En cumplimiento del art\u00edculo 10 de la Ley 34\/2002, del 11 de julio, de servicios de la Sociedad de la Informaci\u00f3n y Comercio Electr\u00f3nico (LSSICE) se exponen a continuaci\u00f3n los datos identificativos de la empresa titular de esta p\u00e1gina web. Denominaci\u00f3n social: POQUET A POQUET SL N\u00famero de identificaci\u00f3n fiscal: B13777305 Domicilio social: [&hellip;]<\/p>","protected":false},"author":1,"featured_media":0,"parent":0,"menu_order":0,"comment_status":"closed","ping_status":"closed","template":"","meta":{"footnotes":""},"class_list":["post-904","page","type-page","status-publish","hentry"],"blocksy_meta":[],"yoast_head":"<!-- This site is optimized with the Yoast SEO plugin v25.5 - https:\/\/yoast.com\/wordpress\/plugins\/seo\/ -->\n<title>Aviso legal - Poquet a poquet<\/title>\n<meta name=\"description\" content=\"Aqui puedes ver el aviso legal de nuestra web\" \/>\n<meta name=\"robots\" content=\"index, follow, max-snippet:-1, max-image-preview:large, max-video-preview:-1\" \/>\n<link rel=\"canonical\" href=\"https:\/\/poquetapoquet.com\/en\/aviso-legal\/\" \/>\n<meta property=\"og:locale\" content=\"en_US\" \/>\n<meta property=\"og:type\" content=\"article\" \/>\n<meta property=\"og:title\" content=\"Aviso legal - Poquet a poquet\" \/>\n<meta property=\"og:description\" content=\"Aqui puedes ver el aviso legal de nuestra web\" \/>\n<meta property=\"og:url\" content=\"https:\/\/poquetapoquet.com\/en\/aviso-legal\/\" \/>\n<meta property=\"og:site_name\" content=\"Poquet a poquet\" \/>\n<meta property=\"article:modified_time\" content=\"2025-07-28T14:57:05+00:00\" \/>\n<meta name=\"twitter:card\" content=\"summary_large_image\" \/>\n<meta name=\"twitter:label1\" content=\"Est. reading time\" \/>\n\t<meta name=\"twitter:data1\" content=\"2 minutes\" \/>\n<script type=\"application\/ld+json\" class=\"yoast-schema-graph\">{\"@context\":\"https:\/\/schema.org\",\"@graph\":[{\"@type\":\"WebPage\",\"@id\":\"https:\/\/poquetapoquet.com\/aviso-legal\/\",\"url\":\"https:\/\/poquetapoquet.com\/aviso-legal\/\",\"name\":\"Aviso legal - Poquet a poquet\",\"isPartOf\":{\"@id\":\"https:\/\/poquetapoquet.com\/#website\"},\"datePublished\":\"2025-05-12T15:06:40+00:00\",\"dateModified\":\"2025-07-28T14:57:05+00:00\",\"description\":\"Aqui puedes ver el aviso legal de nuestra web\",\"breadcrumb\":{\"@id\":\"https:\/\/poquetapoquet.com\/aviso-legal\/#breadcrumb\"},\"inLanguage\":\"en-US\",\"potentialAction\":[{\"@type\":\"ReadAction\",\"target\":[\"https:\/\/poquetapoquet.com\/aviso-legal\/\"]}]},{\"@type\":\"BreadcrumbList\",\"@id\":\"https:\/\/poquetapoquet.com\/aviso-legal\/#breadcrumb\",\"itemListElement\":[{\"@type\":\"ListItem\",\"position\":1,\"name\":\"Portada\",\"item\":\"https:\/\/poquetapoquet.com\/\"},{\"@type\":\"ListItem\",\"position\":2,\"name\":\"Aviso legal\"}]},{\"@type\":\"WebSite\",\"@id\":\"https:\/\/poquetapoquet.com\/#website\",\"url\":\"https:\/\/poquetapoquet.com\/\",\"name\":\"Poquet a poquet\",\"description\":\"\",\"publisher\":{\"@id\":\"https:\/\/poquetapoquet.com\/#organization\"},\"potentialAction\":[{\"@type\":\"SearchAction\",\"target\":{\"@type\":\"EntryPoint\",\"urlTemplate\":\"https:\/\/poquetapoquet.com\/?s={search_term_string}\"},\"query-input\":{\"@type\":\"PropertyValueSpecification\",\"valueRequired\":true,\"valueName\":\"search_term_string\"}}],\"inLanguage\":\"en-US\"},{\"@type\":\"Organization\",\"@id\":\"https:\/\/poquetapoquet.com\/#organization\",\"name\":\"Poquet a poquet\",\"url\":\"https:\/\/poquetapoquet.com\/\",\"logo\":{\"@type\":\"ImageObject\",\"inLanguage\":\"en-US\",\"@id\":\"https:\/\/poquetapoquet.com\/#\/schema\/logo\/image\/\",\"url\":\"https:\/\/poquetapoquet.com\/wp-content\/uploads\/2025\/07\/Logo-Poquet-Redondo-Azul-1.png\",\"contentUrl\":\"https:\/\/poquetapoquet.com\/wp-content\/uploads\/2025\/07\/Logo-Poquet-Redondo-Azul-1.png\",\"width\":1973,\"height\":1972,\"caption\":\"Poquet a poquet\"},\"image\":{\"@id\":\"https:\/\/poquetapoquet.com\/#\/schema\/logo\/image\/\"},\"sameAs\":[\"https:\/\/www.instagram.com\/poquetapoquet_javea\/\"]}]}<\/script>\n<!-- \/ Yoast SEO plugin. -->","yoast_head_json":{"title":"Aviso legal - Poquet a poquet","description":"Aqui puedes ver el aviso legal de nuestra web","robots":{"index":"index","follow":"follow","max-snippet":"max-snippet:-1","max-image-preview":"max-image-preview:large","max-video-preview":"max-video-preview:-1"},"canonical":"https:\/\/poquetapoquet.com\/en\/aviso-legal\/","og_locale":"en_US","og_type":"article","og_title":"Aviso legal - Poquet a poquet","og_description":"Aqui puedes ver el aviso legal de nuestra web","og_url":"https:\/\/poquetapoquet.com\/en\/aviso-legal\/","og_site_name":"Poquet a poquet","article_modified_time":"2025-07-28T14:57:05+00:00","twitter_card":"summary_large_image","twitter_misc":{"Est. reading time":"2 minutes"},"schema":{"@context":"https:\/\/schema.org","@graph":[{"@type":"WebPage","@id":"https:\/\/poquetapoquet.com\/aviso-legal\/","url":"https:\/\/poquetapoquet.com\/aviso-legal\/","name":"Aviso legal - Poquet a poquet","isPartOf":{"@id":"https:\/\/poquetapoquet.com\/#website"},"datePublished":"2025-05-12T15:06:40+00:00","dateModified":"2025-07-28T14:57:05+00:00","description":"Aqui puedes ver el aviso legal de nuestra web","breadcrumb":{"@id":"https:\/\/poquetapoquet.com\/aviso-legal\/#breadcrumb"},"inLanguage":"en-US","potentialAction":[{"@type":"ReadAction","target":["https:\/\/poquetapoquet.com\/aviso-legal\/"]}]},{"@type":"BreadcrumbList","@id":"https:\/\/poquetapoquet.com\/aviso-legal\/#breadcrumb","itemListElement":[{"@type":"ListItem","position":1,"name":"Portada","item":"https:\/\/poquetapoquet.com\/"},{"@type":"ListItem","position":2,"name":"Aviso legal"}]},{"@type":"WebSite","@id":"https:\/\/poquetapoquet.com\/#website","url":"https:\/\/poquetapoquet.com\/","name":"Poquet a poquet","description":"","publisher":{"@id":"https:\/\/poquetapoquet.com\/#organization"},"potentialAction":[{"@type":"SearchAction","target":{"@type":"EntryPoint","urlTemplate":"https:\/\/poquetapoquet.com\/?s={search_term_string}"},"query-input":{"@type":"PropertyValueSpecification","valueRequired":true,"valueName":"search_term_string"}}],"inLanguage":"en-US"},{"@type":"Organization","@id":"https:\/\/poquetapoquet.com\/#organization","name":"Poquet a poquet","url":"https:\/\/poquetapoquet.com\/","logo":{"@type":"ImageObject","inLanguage":"en-US","@id":"https:\/\/poquetapoquet.com\/#\/schema\/logo\/image\/","url":"https:\/\/poquetapoquet.com\/wp-content\/uploads\/2025\/07\/Logo-Poquet-Redondo-Azul-1.png","contentUrl":"https:\/\/poquetapoquet.com\/wp-content\/uploads\/2025\/07\/Logo-Poquet-Redondo-Azul-1.png","width":1973,"height":1972,"caption":"Poquet a poquet"},"image":{"@id":"https:\/\/poquetapoquet.com\/#\/schema\/logo\/image\/"},"sameAs":["https:\/\/www.instagram.com\/poquetapoquet_javea\/"]}]}},"_links":{"self":[{"href":"https:\/\/poquetapoquet.com\/en\/wp-json\/wp\/v2\/pages\/904","targetHints":{"allow":["GET"]}}],"collection":[{"href":"https:\/\/poquetapoquet.com\/en\/wp-json\/wp\/v2\/pages"}],"about":[{"href":"https:\/\/poquetapoquet.com\/en\/wp-json\/wp\/v2\/types\/page"}],"author":[{"embeddable":true,"href":"https:\/\/poquetapoquet.com\/en\/wp-json\/wp\/v2\/users\/1"}],"replies":[{"embeddable":true,"href":"https:\/\/poquetapoquet.com\/en\/wp-json\/wp\/v2\/comments?post=904"}],"version-history":[{"count":0,"href":"https:\/\/poquetapoquet.com\/en\/wp-json\/wp\/v2\/pages\/904\/revisions"}],"wp:attachment":[{"href":"https:\/\/poquetapoquet.com\/en\/wp-json\/wp\/v2\/media?parent=904"}],"curies":[{"name":"wp","href":"https:\/\/api.w.org\/{rel}","templated":true}]}}