{"id":909,"date":"2025-05-12T17:11:38","date_gmt":"2025-05-12T15:11:38","guid":{"rendered":"https:\/\/poquetapoquet.com\/?page_id=909"},"modified":"2025-07-23T15:37:22","modified_gmt":"2025-07-23T13:37:22","slug":"politica-de-privacidad","status":"publish","type":"page","link":"https:\/\/poquetapoquet.com\/en\/politica-de-privacidad\/","title":{"rendered":"Privacy policy"},"content":{"rendered":"<div data-elementor-type=\"wp-page\" data-elementor-id=\"909\" class=\"elementor elementor-909\">\n\t\t\t\t<div class=\"elementor-element elementor-element-84efbbb e-flex e-con-boxed e-con e-parent\" data-id=\"84efbbb\" data-element_type=\"container\" data-settings=\"{&quot;background_background&quot;:&quot;classic&quot;}\">\n\t\t\t\t\t<div class=\"e-con-inner\">\n\t\t\t\t<div class=\"elementor-element elementor-element-0c9e2c2 elementor-widget elementor-widget-heading\" data-id=\"0c9e2c2\" data-element_type=\"widget\" data-widget_type=\"heading.default\">\n\t\t\t\t<div class=\"elementor-widget-container\">\n\t\t\t\t\t<h2 class=\"elementor-heading-title elementor-size-default\">Privacy policy<\/h2>\t\t\t\t<\/div>\n\t\t\t\t<\/div>\n\t\t\t\t\t<\/div>\n\t\t\t\t<\/div>\n\t\t<div class=\"elementor-element elementor-element-eb5b978 e-flex e-con-boxed e-con e-parent\" data-id=\"eb5b978\" data-element_type=\"container\" data-settings=\"{&quot;background_background&quot;:&quot;classic&quot;}\">\n\t\t\t\t\t<div class=\"e-con-inner\">\n\t\t\t\t<div class=\"elementor-element elementor-element-95ef26f elementor-widget elementor-widget-spacer\" data-id=\"95ef26f\" data-element_type=\"widget\" data-widget_type=\"spacer.default\">\n\t\t\t\t<div class=\"elementor-widget-container\">\n\t\t\t\t\t\t\t<div class=\"elementor-spacer\">\n\t\t\t<div class=\"elementor-spacer-inner\"><\/div>\n\t\t<\/div>\n\t\t\t\t\t\t<\/div>\n\t\t\t\t<\/div>\n\t\t\t\t<div class=\"elementor-element elementor-element-ea2c883 elementor-widget__width-initial elementor-widget elementor-widget-text-editor\" data-id=\"ea2c883\" data-element_type=\"widget\" data-widget_type=\"text-editor.default\">\n\t\t\t\t<div class=\"elementor-widget-container\">\n\t\t\t\t\t\t\t\t\t<p>La presente Pol\u00edtica de Privacidad tiene el objetivo de dar a conocer el modo en que se recaban, tratan y protegen los datos de car\u00e1cter personal que pudieran proporcionarse por los usuarios de este sitio web.<\/p><p><strong>Uso y tratamiento de los datos de car\u00e1cter personal<\/strong><\/p><p>POQUET A POQUET SL recopila y trata datos personales de los usuarios (como nombre, direcci\u00f3n, tel\u00e9fono, direcci\u00f3n de correo electr\u00f3nico y otros similares) para poder prestarle nuestros servicios, facilitarle los productos que solicite de acuerdo a sus gustos y preferencias o mantenerle informado de nuestras novedades.<br \/>La informaci\u00f3n de car\u00e1cter personal que pudiera proporcionar a trav\u00e9s de la p\u00e1gina web ser\u00e1 incorporada a un fichero titularidad de\u00a0POQUET A POQUET SL\u00a0<br \/>Los empleados de ser\u00e1n los destinatarios de la informaci\u00f3n recogida. Esta compa\u00f1\u00eda no vender\u00e1, ceder\u00e1 ni distribuir\u00e1 la informaci\u00f3n personal que es recopilada sin su consentimiento.<\/p><p><strong>Ejercicio de derechos: acceso, rectificaci\u00f3n, cancelaci\u00f3n y oposici\u00f3n<\/strong><\/p><p>Los usuarios que hayan facilitado sus datos personales En cualquier momento puede revocar el consentimiento otorgado para el tratamiento de sus datos personales por escrito, a trav\u00e9s del correo electr\u00f3nico info@poquetapoquet.com, remiti\u00e9ndonos una copia de su DNI.<\/p><p><strong>Seguridad de su informaci\u00f3n personal<\/strong><\/p><p>Utilizamos medidas de seguridad para proteger sus datos personales y evitar su divulgaci\u00f3n no autorizada, uso indebido o alteraci\u00f3n.<br \/>No obstante, el usuario debe conocer que las medidas de seguridad en internet no son completamente infranqueables y ninguna transmisi\u00f3n en internet es completamente segura o libre de errores, en cuyo caso POQUET A POQUET SL no podr\u00e1 hacerse responsable.<\/p><p><strong>Enlaces a sitios de terceros<\/strong><\/p><p>Este sitio web podr\u00eda contener enlaces a sitios de terceros. Estos sitios cuentan con sus propias pol\u00edticas de privacidad que le instamos a revisar.<\/p><p><strong>Menores<\/strong><\/p><p>Si alguno de los productos o servicios fuera dirigido a menores de 14 a\u00f1os, POQUET A POQUET SL no recopilar\u00e1 datos personales del menor a menos que lo permitan las leyes vigentes y tenga el consentimiento expreso de sus padres o tutores legales.<\/p><p><strong>Cambios en la pol\u00edtica de privacidad<\/strong><\/p><p>POQUET A POQUET SL se reserva el derecho a actualizar o modificar los t\u00e9rminos de su pol\u00edtica de privacidad en cualquier momento y sin previo aviso debido a cambios en la legislaci\u00f3n o a su propio criterio. Las modificaciones se aplicar\u00e1n s\u00f3lo a la informaci\u00f3n recabada despu\u00e9s de su efectiva publicaci\u00f3n.<\/p><p><strong>Legislaci\u00f3n aplicable<\/strong><\/p><p>La relaci\u00f3n con el usuario y cualquier controversia derivada del uso del site se regir\u00e1 y someter\u00e1 a las leyes de Espa\u00f1a.<\/p>\t\t\t\t\t\t\t\t<\/div>\n\t\t\t\t<\/div>\n\t\t\t\t<div class=\"elementor-element elementor-element-ab09cfc elementor-widget elementor-widget-spacer\" data-id=\"ab09cfc\" data-element_type=\"widget\" data-widget_type=\"spacer.default\">\n\t\t\t\t<div class=\"elementor-widget-container\">\n\t\t\t\t\t\t\t<div class=\"elementor-spacer\">\n\t\t\t<div class=\"elementor-spacer-inner\"><\/div>\n\t\t<\/div>\n\t\t\t\t\t\t<\/div>\n\t\t\t\t<\/div>\n\t\t\t\t\t<\/div>\n\t\t\t\t<\/div>\n\t\t\t\t<\/div>","protected":false},"excerpt":{"rendered":"<p>Pol\u00edtica de privacidad La presente Pol\u00edtica de Privacidad tiene el objetivo de dar a conocer el modo en que se recaban, tratan y protegen los datos de car\u00e1cter personal que pudieran proporcionarse por los usuarios de este sitio web. Uso y tratamiento de los datos de car\u00e1cter personal POQUET A POQUET SL recopila y trata [&hellip;]<\/p>","protected":false},"author":1,"featured_media":0,"parent":0,"menu_order":0,"comment_status":"closed","ping_status":"closed","template":"","meta":{"footnotes":""},"class_list":["post-909","page","type-page","status-publish","hentry"],"blocksy_meta":[],"yoast_head":"<!-- This site is optimized with the Yoast SEO plugin v25.5 - https:\/\/yoast.com\/wordpress\/plugins\/seo\/ -->\n<title>Pol\u00edtica de privacidad - Poquet a poquet<\/title>\n<meta name=\"robots\" content=\"index, follow, max-snippet:-1, max-image-preview:large, max-video-preview:-1\" \/>\n<link rel=\"canonical\" href=\"https:\/\/poquetapoquet.com\/en\/politica-de-privacidad\/\" \/>\n<meta property=\"og:locale\" content=\"en_US\" \/>\n<meta property=\"og:type\" content=\"article\" \/>\n<meta property=\"og:title\" content=\"Pol\u00edtica de privacidad - Poquet a poquet\" \/>\n<meta property=\"og:description\" content=\"Pol\u00edtica de privacidad La presente Pol\u00edtica de Privacidad tiene el objetivo de dar a conocer el modo en que se recaban, tratan y protegen los datos de car\u00e1cter personal que pudieran proporcionarse por los usuarios de este sitio web. Uso y tratamiento de los datos de car\u00e1cter personal POQUET A POQUET SL recopila y trata [&hellip;]\" \/>\n<meta property=\"og:url\" content=\"https:\/\/poquetapoquet.com\/en\/politica-de-privacidad\/\" \/>\n<meta property=\"og:site_name\" content=\"Poquet a poquet\" \/>\n<meta property=\"article:modified_time\" content=\"2025-07-23T13:37:22+00:00\" \/>\n<meta name=\"twitter:card\" content=\"summary_large_image\" \/>\n<meta name=\"twitter:label1\" content=\"Est. reading time\" \/>\n\t<meta name=\"twitter:data1\" content=\"2 minutes\" \/>\n<script type=\"application\/ld+json\" class=\"yoast-schema-graph\">{\"@context\":\"https:\/\/schema.org\",\"@graph\":[{\"@type\":\"WebPage\",\"@id\":\"https:\/\/poquetapoquet.com\/politica-de-privacidad\/\",\"url\":\"https:\/\/poquetapoquet.com\/politica-de-privacidad\/\",\"name\":\"Pol\u00edtica de privacidad - Poquet a poquet\",\"isPartOf\":{\"@id\":\"https:\/\/poquetapoquet.com\/#website\"},\"datePublished\":\"2025-05-12T15:11:38+00:00\",\"dateModified\":\"2025-07-23T13:37:22+00:00\",\"breadcrumb\":{\"@id\":\"https:\/\/poquetapoquet.com\/politica-de-privacidad\/#breadcrumb\"},\"inLanguage\":\"en-US\",\"potentialAction\":[{\"@type\":\"ReadAction\",\"target\":[\"https:\/\/poquetapoquet.com\/politica-de-privacidad\/\"]}]},{\"@type\":\"BreadcrumbList\",\"@id\":\"https:\/\/poquetapoquet.com\/politica-de-privacidad\/#breadcrumb\",\"itemListElement\":[{\"@type\":\"ListItem\",\"position\":1,\"name\":\"Portada\",\"item\":\"https:\/\/poquetapoquet.com\/\"},{\"@type\":\"ListItem\",\"position\":2,\"name\":\"Pol\u00edtica de privacidad\"}]},{\"@type\":\"WebSite\",\"@id\":\"https:\/\/poquetapoquet.com\/#website\",\"url\":\"https:\/\/poquetapoquet.com\/\",\"name\":\"Poquet a poquet\",\"description\":\"\",\"publisher\":{\"@id\":\"https:\/\/poquetapoquet.com\/#organization\"},\"potentialAction\":[{\"@type\":\"SearchAction\",\"target\":{\"@type\":\"EntryPoint\",\"urlTemplate\":\"https:\/\/poquetapoquet.com\/?s={search_term_string}\"},\"query-input\":{\"@type\":\"PropertyValueSpecification\",\"valueRequired\":true,\"valueName\":\"search_term_string\"}}],\"inLanguage\":\"en-US\"},{\"@type\":\"Organization\",\"@id\":\"https:\/\/poquetapoquet.com\/#organization\",\"name\":\"Poquet a poquet\",\"url\":\"https:\/\/poquetapoquet.com\/\",\"logo\":{\"@type\":\"ImageObject\",\"inLanguage\":\"en-US\",\"@id\":\"https:\/\/poquetapoquet.com\/#\/schema\/logo\/image\/\",\"url\":\"https:\/\/poquetapoquet.com\/wp-content\/uploads\/2025\/07\/Logo-Poquet-Redondo-Azul-1.png\",\"contentUrl\":\"https:\/\/poquetapoquet.com\/wp-content\/uploads\/2025\/07\/Logo-Poquet-Redondo-Azul-1.png\",\"width\":1973,\"height\":1972,\"caption\":\"Poquet a poquet\"},\"image\":{\"@id\":\"https:\/\/poquetapoquet.com\/#\/schema\/logo\/image\/\"},\"sameAs\":[\"https:\/\/www.instagram.com\/poquetapoquet_javea\/\"]}]}<\/script>\n<!-- \/ Yoast SEO plugin. -->","yoast_head_json":{"title":"Pol\u00edtica de privacidad - Poquet a poquet","robots":{"index":"index","follow":"follow","max-snippet":"max-snippet:-1","max-image-preview":"max-image-preview:large","max-video-preview":"max-video-preview:-1"},"canonical":"https:\/\/poquetapoquet.com\/en\/politica-de-privacidad\/","og_locale":"en_US","og_type":"article","og_title":"Pol\u00edtica de privacidad - Poquet a poquet","og_description":"Pol\u00edtica de privacidad La presente Pol\u00edtica de Privacidad tiene el objetivo de dar a conocer el modo en que se recaban, tratan y protegen los datos de car\u00e1cter personal que pudieran proporcionarse por los usuarios de este sitio web. Uso y tratamiento de los datos de car\u00e1cter personal POQUET A POQUET SL recopila y trata [&hellip;]","og_url":"https:\/\/poquetapoquet.com\/en\/politica-de-privacidad\/","og_site_name":"Poquet a poquet","article_modified_time":"2025-07-23T13:37:22+00:00","twitter_card":"summary_large_image","twitter_misc":{"Est. reading time":"2 minutes"},"schema":{"@context":"https:\/\/schema.org","@graph":[{"@type":"WebPage","@id":"https:\/\/poquetapoquet.com\/politica-de-privacidad\/","url":"https:\/\/poquetapoquet.com\/politica-de-privacidad\/","name":"Pol\u00edtica de privacidad - Poquet a poquet","isPartOf":{"@id":"https:\/\/poquetapoquet.com\/#website"},"datePublished":"2025-05-12T15:11:38+00:00","dateModified":"2025-07-23T13:37:22+00:00","breadcrumb":{"@id":"https:\/\/poquetapoquet.com\/politica-de-privacidad\/#breadcrumb"},"inLanguage":"en-US","potentialAction":[{"@type":"ReadAction","target":["https:\/\/poquetapoquet.com\/politica-de-privacidad\/"]}]},{"@type":"BreadcrumbList","@id":"https:\/\/poquetapoquet.com\/politica-de-privacidad\/#breadcrumb","itemListElement":[{"@type":"ListItem","position":1,"name":"Portada","item":"https:\/\/poquetapoquet.com\/"},{"@type":"ListItem","position":2,"name":"Pol\u00edtica de privacidad"}]},{"@type":"WebSite","@id":"https:\/\/poquetapoquet.com\/#website","url":"https:\/\/poquetapoquet.com\/","name":"Poquet a poquet","description":"","publisher":{"@id":"https:\/\/poquetapoquet.com\/#organization"},"potentialAction":[{"@type":"SearchAction","target":{"@type":"EntryPoint","urlTemplate":"https:\/\/poquetapoquet.com\/?s={search_term_string}"},"query-input":{"@type":"PropertyValueSpecification","valueRequired":true,"valueName":"search_term_string"}}],"inLanguage":"en-US"},{"@type":"Organization","@id":"https:\/\/poquetapoquet.com\/#organization","name":"Poquet a poquet","url":"https:\/\/poquetapoquet.com\/","logo":{"@type":"ImageObject","inLanguage":"en-US","@id":"https:\/\/poquetapoquet.com\/#\/schema\/logo\/image\/","url":"https:\/\/poquetapoquet.com\/wp-content\/uploads\/2025\/07\/Logo-Poquet-Redondo-Azul-1.png","contentUrl":"https:\/\/poquetapoquet.com\/wp-content\/uploads\/2025\/07\/Logo-Poquet-Redondo-Azul-1.png","width":1973,"height":1972,"caption":"Poquet a poquet"},"image":{"@id":"https:\/\/poquetapoquet.com\/#\/schema\/logo\/image\/"},"sameAs":["https:\/\/www.instagram.com\/poquetapoquet_javea\/"]}]}},"_links":{"self":[{"href":"https:\/\/poquetapoquet.com\/en\/wp-json\/wp\/v2\/pages\/909","targetHints":{"allow":["GET"]}}],"collection":[{"href":"https:\/\/poquetapoquet.com\/en\/wp-json\/wp\/v2\/pages"}],"about":[{"href":"https:\/\/poquetapoquet.com\/en\/wp-json\/wp\/v2\/types\/page"}],"author":[{"embeddable":true,"href":"https:\/\/poquetapoquet.com\/en\/wp-json\/wp\/v2\/users\/1"}],"replies":[{"embeddable":true,"href":"https:\/\/poquetapoquet.com\/en\/wp-json\/wp\/v2\/comments?post=909"}],"version-history":[{"count":0,"href":"https:\/\/poquetapoquet.com\/en\/wp-json\/wp\/v2\/pages\/909\/revisions"}],"wp:attachment":[{"href":"https:\/\/poquetapoquet.com\/en\/wp-json\/wp\/v2\/media?parent=909"}],"curies":[{"name":"wp","href":"https:\/\/api.w.org\/{rel}","templated":true}]}}