{"id":915,"date":"2025-05-12T17:14:46","date_gmt":"2025-05-12T15:14:46","guid":{"rendered":"https:\/\/poquetapoquet.com\/?page_id=915"},"modified":"2025-07-23T15:38:53","modified_gmt":"2025-07-23T13:38:53","slug":"politica-de-cookies","status":"publish","type":"page","link":"https:\/\/poquetapoquet.com\/en\/politica-de-cookies\/","title":{"rendered":"Cookies policy"},"content":{"rendered":"<div data-elementor-type=\"wp-page\" data-elementor-id=\"915\" class=\"elementor elementor-915\">\n\t\t\t\t<div class=\"elementor-element elementor-element-5fc91fb e-flex e-con-boxed e-con e-parent\" data-id=\"5fc91fb\" data-element_type=\"container\" data-settings=\"{&quot;background_background&quot;:&quot;classic&quot;}\">\n\t\t\t\t\t<div class=\"e-con-inner\">\n\t\t\t\t<div class=\"elementor-element elementor-element-b2a5367 elementor-widget elementor-widget-heading\" data-id=\"b2a5367\" data-element_type=\"widget\" data-widget_type=\"heading.default\">\n\t\t\t\t<div class=\"elementor-widget-container\">\n\t\t\t\t\t<h2 class=\"elementor-heading-title elementor-size-default\">Cookies policy<\/h2>\t\t\t\t<\/div>\n\t\t\t\t<\/div>\n\t\t\t\t\t<\/div>\n\t\t\t\t<\/div>\n\t\t<div class=\"elementor-element elementor-element-89c7ea9 e-flex e-con-boxed e-con e-parent\" data-id=\"89c7ea9\" data-element_type=\"container\">\n\t\t\t\t\t<div class=\"e-con-inner\">\n\t\t\t\t<div class=\"elementor-element elementor-element-548d15d elementor-widget elementor-widget-spacer\" data-id=\"548d15d\" data-element_type=\"widget\" data-widget_type=\"spacer.default\">\n\t\t\t\t<div class=\"elementor-widget-container\">\n\t\t\t\t\t\t\t<div class=\"elementor-spacer\">\n\t\t\t<div class=\"elementor-spacer-inner\"><\/div>\n\t\t<\/div>\n\t\t\t\t\t\t<\/div>\n\t\t\t\t<\/div>\n\t\t\t\t<div class=\"elementor-element elementor-element-2372723 elementor-widget__width-initial elementor-widget elementor-widget-text-editor\" data-id=\"2372723\" data-element_type=\"widget\" data-widget_type=\"text-editor.default\">\n\t\t\t\t<div class=\"elementor-widget-container\">\n\t\t\t\t\t\t\t\t\t<p><strong>\u00bfQu\u00e9 son las Cookies?<\/strong><\/p><p>Las cookies son peque\u00f1os ficheros de datos que se generan en el ordenador del usuario y que nos permiten conocer su frecuencia de visitas, los contenidos m\u00e1s seleccionados y los elementos de seguridad que pueden intervenir en el control de acceso a \u00e1reas restringidas, as\u00ed como la visualizaci\u00f3n de publicidad en funci\u00f3n de criterios predefinidos por POQUET A POQUET SL y que se activan por cookies servidas por dicha entidad o por terceros que prestan estos servicios por cuenta de POQUET A POQUET SL<\/p><p>Por regla general, existen los siguientes tipos de cookies.<\/p><p>Seg\u00fan quien sea la entidad que gestione el dominio desde donde se env\u00edan las cookies y trate los datos que se obtengan se pueden distinguir dos tipos<\/p><ul><li><strong>Cookies propias:<\/strong>\u00a0aqu\u00e9llas que se env\u00edan al equipo terminal del usuario desde un equipo o dominio gestionado por el propio editor y desde el que se presta el servicio solicitado por el usuario.<\/li><li><strong>Cookies de terceros:<\/strong>\u00a0aqu\u00e9llas que se env\u00edan al equipo terminal del usuario desde un equipo o dominio que no es gestionado por el editor, sino por otra entidad que trata los datos obtenidos a trav\u00e9s de las cookies.<\/li><\/ul><p>En el caso de que las cookies sean instaladas desde un equipo o dominio gestionado por el propio editor, pero la informaci\u00f3n que se recoja mediante \u00e9stas sea gestionada por un tercero, no pueden ser consideradas como cookies propias.<\/p><p>Existe tambi\u00e9n una segunda clasificaci\u00f3n seg\u00fan el plazo de tiempo que permanecen almacenadas en el navegador del cliente, pudiendo tratarse de:<\/p><ul><li><strong>Cookies de sesi\u00f3n:<\/strong>\u00a0dise\u00f1adas para recabar y almacenar datos mientras el usuario accede a una p\u00e1gina web. Se suelen emplear para almacenar informaci\u00f3n que solo interesa conservar para la prestaci\u00f3n del servicio solicitado por el usuario en una sola ocasi\u00f3n (p.e. una lista de productos adquiridos).<\/li><li><strong>Cookies persistentes:<\/strong>\u00a0los datos siguen almacenados en el terminal y pueden ser accedidos y tratados durante un periodo definido por el responsable de la cookie, y que puede ir de unos minutos a varios a\u00f1os.<\/li><\/ul><p>Por \u00faltimo, existe otra clasificaci\u00f3n con seis tipos de cookies seg\u00fan la finalidad para la que se traten los datos obtenidos:<\/p><ul><li><strong>Cookies T\u00e9cnicas:<\/strong>\u00a0Las cookies t\u00e9cnicas o necesarias son esenciales para que nuestra web pueda funcionar correctamente e incluye funcionalidades b\u00e1sicas como identificar la sesi\u00f3n o dar acceso a los usuarios registrados a zonas de acceso restringido. Por estos motivos las cookies t\u00e9cnicas no se pueden desactivar.<\/li><li><strong>Cookies de Preferencia:<\/strong>\u00a0Al utilizar cookies de preferencias, la p\u00e1gina web puede recordar informaci\u00f3n durante tu tiempo de navegaci\u00f3n asociada a la forma en que la p\u00e1gina se comporta o el aspecto que tiene, como tu idioma preferido o la regi\u00f3n en la que te encuentras.<\/li><li><strong>Cookies Estad\u00edsticas:<\/strong>\u00a0Utilizamos cookies de tipo estad\u00edstico para ver c\u00f3mo interact\u00faas con la p\u00e1gina web, reuniendo informaci\u00f3n an\u00f3nima durante el tiempo que navegas por ella. La finalidad de recabar esta informaci\u00f3n es la de introducir mejoras en la web en funci\u00f3n del an\u00e1lisis de los datos agregados.<\/li><li><strong>Cookies Marketing\/Publicitarias:<\/strong>\u00a0Nos permiten la gesti\u00f3n de los espacios publicitarios incluidos en nuestro sitio web, aplicaci\u00f3n o plataforma en base a criterios como el contenido mostrado o la frecuencia en la que se muestran los anuncios.<\/li><li><strong>Cookies de Marketing:<\/strong>\u00a0Las cookies de marketing se utilizan para analizar tu comportamiento mientras visitas la p\u00e1gina web y para que, de forma puntual, otros proveedores puedan ofrecerte publicidad personalizada y relevante atendiendo a tu perfil de navegaci\u00f3n.<\/li><li><strong>Cookies de Redes sociales externas:<\/strong>\u00a0se utilizan para que los visitantes puedan interactuar con el contenido de diferentes plataformas sociales (facebook, youtube, twitter, linkedin, etc.) y que se generen \u00fanicamente para los usuarios de dichas redes sociales. Las condiciones de utilizaci\u00f3n de estas cookies y la informaci\u00f3n recopilada se regulan por la pol\u00edtica de privacidad de la plataforma social correspondiente.<\/li><\/ul><p><strong>Cookies que nosotros utilizamos<\/strong><\/p><p>Desde la web de POQUET A POQUET SL utilizamos cookies que tienen diferentes funciones:<\/p><p><strong>COOKIES PROPIAS<\/strong><\/p><p><strong>T\u00e9cnicas o necesarias (siempre activa)<\/strong><\/p><p>Las cookies t\u00e9cnicas o estrictamente necesarias son aquellas que permiten al usuario la navegaci\u00f3n a trav\u00e9s de una p\u00e1gina web y la utilizaci\u00f3n de las diferentes opciones o servicios que en ella se ofrecen, como, por ejemplo, controlar el tr\u00e1fico y la comunicaci\u00f3n de datos, identificar la sesi\u00f3n, acceder a partes de acceso restringido, recordar los elementos que integran un pedido, realizar el proceso de compra de un pedido, gestionar el pago, controlar el fraude vinculado a la seguridad del servicio, realizar la solicitud de inscripci\u00f3n o participaci\u00f3n en un evento, utilizar elementos de seguridad durante la navegaci\u00f3n, almacenar contenidos para la difusi\u00f3n de v\u00eddeos o sonido, habilitar contenidos din\u00e1micos (por ejemplo, animaci\u00f3n de carga de un texto o imagen), compartir contenidos a trav\u00e9s de redes sociales o personalizar la interfaz de usuario siempre que sea \u00e9ste quien elija las opciones de personalizaci\u00f3n que desee. La base legal que legitima este tratamiento es la ejecuci\u00f3n y mantenimiento del servicio solicitado por el usuario. Estas cookies permanecer\u00e1n activas mientras el usuario permanezca en el sitio web.<\/p><p><strong>Preferencia o personalizaci\u00f3n:<\/strong><\/p><p>Las cookies de preferencia o personalizaci\u00f3n son aquellas que permiten recordar informaci\u00f3n para que el usuario acceda al servicio con determinadas caracter\u00edsticas que pueden diferenciar su experiencia de la de otros usuarios, como, por ejemplo, el idioma, el n\u00famero de resultados a mostrar cuando el usuario realiza una b\u00fasqueda, el aspecto o contenido del servicio en funci\u00f3n del tipo de navegador a trav\u00e9s del cual el usuario accede al servicio o de la regi\u00f3n desde la que accede al servicio, etc. la duraci\u00f3n de estas cookies es el tiempo en que el usuario permanece en el sitio web (sesi\u00f3n). La informaci\u00f3n se almacena exclusivamente en el navegador del usuario y no es utilizada para otro motivo que no sea el de gestionar las preferencias del usuario. La base legal que legitima el tratamiento es el consentimiento expreso prestado por el usuario.<\/p><p><strong>COOKIES DE TERCEROS<\/strong><\/p><p><strong>Medici\u00f3n o an\u00e1lisis:<\/strong><\/p><p>Las cookies de medici\u00f3n o an\u00e1lisis son aquellas que permiten al responsable de las mismas el seguimiento y an\u00e1lisis del comportamiento de los usuarios de los sitios web a los que est\u00e1n vinculadas, incluida la cuantificaci\u00f3n de los impactos de los anuncios. La informaci\u00f3n recogida mediante este tipo de cookies se utiliza en la medici\u00f3n de la actividad de los sitios web, aplicaci\u00f3n o plataforma, con el fin de introducir mejoras en funci\u00f3n del an\u00e1lisis de los datos de uso que hacen los usuarios del servicio. La base legal que legitima el tratamiento es el consentimiento expreso prestado por el usuario. Puede obtener m\u00e1s informaci\u00f3n acerca de estas cookies, as\u00ed como su periodo de conservaci\u00f3n siguiendo el\/los enlace\/s de \u201cPol\u00edtica de cookies\u201d.<\/p><p><strong>Publicidad comportamental<\/strong><\/p><p>Las cookies de publicidad comportamental son aquellas que almacenan informaci\u00f3n del comportamiento de los usuarios obtenida a trav\u00e9s de la observaci\u00f3n continuada de sus h\u00e1bitos de navegaci\u00f3n, lo que permite desarrollar un perfil espec\u00edfico para mostrar publicidad en funci\u00f3n del mismo. La base legal que legitima el tratamiento es el consentimiento expreso prestado por el usuario. Puede obtener m\u00e1s informaci\u00f3n acerca de estas cookies, as\u00ed como su periodo de conservaci\u00f3n siguiendo el \/los enlaces de \u201cPol\u00edtica de cookies\u201d.<\/p><p>Utilizamos cookies propias y de terceros. A la tabla siguiente podr\u00e1 encontrar todas las cookies utilizadas:<\/p><p><strong>C\u00f3mo cambiar las cookies (Desactivaci\u00f3n y eliminaci\u00f3n)<\/strong><\/p><p><strong>C\u00f3mo administrar cookies desde nuestro Banner:<\/strong><\/p><p>Dentro de la p\u00e1gina web, de forma autom\u00e1tica, se abrir\u00e1 una ventana donde podr\u00e1 decidir si quiere aceptar la instalaci\u00f3n de cookies, lo que permite que se instalen y sean utilizadas tal y como se dispone en nuestra pol\u00edtica de cookies, o bien configurar las mismas seg\u00fan quiera.<\/p><p>La opci\u00f3n de configurar las cookies siempre estar\u00e1 presente en la parte inferior de la p\u00e1gina en el caso de que cambie de opini\u00f3n.<\/p><p><strong>C\u00f3mo administrar cookies desde su navegador:<\/strong><\/p><p>La mayor\u00eda de los navegadores le permiten ver, administrar, eliminar y bloquear las cookies de un sitio web. Tenga en cuenta que si borra todas las cookies se perder\u00e1n todas las preferencias de usuario que haya establecido, incluida la posibilidad de excluir cookies, ya que esta funci\u00f3n requiere, precisamente, la colocaci\u00f3n de una cookie de exclusi\u00f3n en su dispositivo.<\/p><p>A continuaci\u00f3n, puede ver c\u00f3mo gestionar las cookies en los principales navegadores:<\/p><p><strong>Google Chrome<\/strong><\/p><ol><li>En el ordenador, abre Chrome.<\/li><li>Arriba a la derecha, haz clic en M\u00e1s. Configuraci\u00f3n.<\/li><li>En \u00abPrivacidad y seguridad\u00bb, haz clic en Configuraci\u00f3n de sitios web.<\/li><li>Haz clic en Cookies.<\/li><li>A continuaci\u00f3n, podr\u00e1s: Activar las cookies: activa el interruptor que aparece junto a \u00abCon bloqueo\u00bb.<\/li><\/ol><p>Para m\u00e1s informaci\u00f3n, puedes consultar el soporte de Google o la Ayuda del navegador.<\/p><p><strong>Microsoft Internet Explorer<\/strong><\/p><ol><li>Haz clic en \u201cherramientas\u201d en la esquina superior de tu buscador Windows y selecciona opciones \u201copciones de internet\u201d y vuelve a clicar en la opci\u00f3n de \u201cPrivacidad\u201d.<\/li><li>Aseg\u00farate de que tu nivel de Privacidad est\u00e1 en nivel Medio o menor lo que permitir\u00e1 el uso de cookies en tu buscador.<\/li><li>Si se selecciona una opci\u00f3n mayor a nivel Medio no se permitir\u00e1 el uso de las cookies.<\/li><\/ol><p>Para m\u00e1s informaci\u00f3n, puedes consultar el soporte de Microsoft o la Ayuda del navegador.<\/p><p><strong>Mozilla Firefox<\/strong><\/p><ol><li>Haz clic en la parte superior de la ventana de tu buscador. Haz clic en \u201cHerramientas\u201d y selecciona \u201cOpciones\u201d.<\/li><li>Selecciona el icono de Privacidad &amp; Seguridad.<\/li><li>Haz clic en la opci\u00f3n de permitir cookies en esta web.<\/li><\/ol><p>Para m\u00e1s informaci\u00f3n, puedes consultar el soporte de Mozilla o la Ayuda del navegador.<\/p><p><strong>Safari<\/strong><\/p><ol><li>Haz clic en el icono de herramientas en la parte superior de tu buscador y selecciona la opci\u00f3n de \u201cpreferencias\u201d.<\/li><li>Haz clic en \u201cPrivacidad y seguridad\u201d y selecciona la opci\u00f3n de Bloquear \u201cImpedir seguimiento entre sitios\u201d.<\/li><li>Haz clic en \u201cGuardar\u201d.<\/li><\/ol><p>Para m\u00e1s informaci\u00f3n, puedes consultar el soporte de Apple o la Ayuda del navegador.<\/p><p>O puede consultar los video tutoriales publicados por la Agencia Espa\u00f1ola de Protecci\u00f3n de Datos:\u00a0<a href=\"http:\/\/www.youtube.com\/user\/desdelaAEPD\">http:\/\/www.youtube.com\/user\/desdelaAEPD<\/a><\/p><p><strong>Cambios en la pol\u00edtica de cookies.<\/strong><\/p><p>El presente aviso de privacidad puede sufrir modificaciones, cambios o actualizaciones derivadas de nuevos requerimientos legales. El presente documento ser\u00e1 siempre la versi\u00f3n actualizada, adaptada a los nuevos requerimientos.<\/p><p>Los interesados podr\u00e1n ejercitar los derechos de acceso, rectificaci\u00f3n, cancelaci\u00f3n u oposici\u00f3n, a trav\u00e9s de la siguiente direcci\u00f3n de email info@poquetapoquet.com.<\/p><p><strong>Tratamiento de datos y ejercicio de derechos.<\/strong><\/p><p>Los datos personales que recabemos a trav\u00e9s del uso de cookies ser\u00e1n tratados por\u00a0<span style=\"font-family: inherit; font-size: inherit; font-style: inherit; font-variant-ligatures: inherit; font-variant-caps: inherit; font-weight: inherit;\">POQUET A POQUET SL. Sus datos personales ser\u00e1n tratados con la finalidad indicada en cada una de las cookies identificadas en la tabla anterior. Estos datos personales estar\u00e1n tratados en base a tu consentimiento.<\/span><\/p><p>Puede ejercitar sus derechos de acceso, rectificaci\u00f3n, supresi\u00f3n y oposici\u00f3n, as\u00ed como el derecho de limitaci\u00f3n del tratamiento, el derecho a la portabilidad de sus datos y el derecho a no ser objeto de decisiones automatizadas, acreditando su identidad mediante DNI o equivalente a trav\u00e9s de correo electr\u00f3nico a info@poquetapoquet.com.<\/p><p>Podr\u00e1 revocar el consentimiento otorgado para cada tipo de cookie en cualquier momento y a trav\u00e9s de nuestro panel de configuraci\u00f3n de cookies.<\/p><p>Si considera que POQUET A POQUET SL no ha respetado alguno de los derechos anteriormente mencionados, tiene derecho a presentar una reclamaci\u00f3n a la Agencia Espa\u00f1ola de Protecci\u00f3n de Datos.<\/p><p><strong>A qui\u00e9n van a ser comunicados sus datos<\/strong><\/p><p>Con car\u00e1cter general, los datos de los usuarios recabados a trav\u00e9s de las cookies propias de este sitio web no ser\u00e1n transferidos a terceras personas.<\/p><p>Sin embargo, con motivo de la utilizaci\u00f3n de cookies de terceros, es posible que los datos recabados sean transferidos fuera de la Uni\u00f3n Europea, debido a que estas cookies pueden estar alojadas fuera del Espacio Econ\u00f3mico Europeo.<\/p><p><strong>M\u00c1S INFORMACI\u00d3N SOBRE TRATAMIENTO DE DATOS PERSONALES<\/strong><\/p><p>Puede consultar m\u00e1s informaci\u00f3n sobre el tratamiento de sus datos personales accediendo a nuestra Pol\u00edtica de Privacidad.<\/p>\t\t\t\t\t\t\t\t<\/div>\n\t\t\t\t<\/div>\n\t\t\t\t<div class=\"elementor-element elementor-element-a1f12b5 elementor-widget elementor-widget-spacer\" data-id=\"a1f12b5\" data-element_type=\"widget\" data-widget_type=\"spacer.default\">\n\t\t\t\t<div class=\"elementor-widget-container\">\n\t\t\t\t\t\t\t<div class=\"elementor-spacer\">\n\t\t\t<div class=\"elementor-spacer-inner\"><\/div>\n\t\t<\/div>\n\t\t\t\t\t\t<\/div>\n\t\t\t\t<\/div>\n\t\t\t\t\t<\/div>\n\t\t\t\t<\/div>\n\t\t\t\t<\/div>","protected":false},"excerpt":{"rendered":"<p>Pol\u00edtica de cookies \u00bfQu\u00e9 son las Cookies? Las cookies son peque\u00f1os ficheros de datos que se generan en el ordenador del usuario y que nos permiten conocer su frecuencia de visitas, los contenidos m\u00e1s seleccionados y los elementos de seguridad que pueden intervenir en el control de acceso a \u00e1reas restringidas, as\u00ed como la visualizaci\u00f3n [&hellip;]<\/p>","protected":false},"author":1,"featured_media":0,"parent":0,"menu_order":0,"comment_status":"closed","ping_status":"closed","template":"","meta":{"footnotes":""},"class_list":["post-915","page","type-page","status-publish","hentry"],"blocksy_meta":[],"yoast_head":"<!-- This site is optimized with the Yoast SEO plugin v25.5 - https:\/\/yoast.com\/wordpress\/plugins\/seo\/ -->\n<title>Pol\u00edtica de cookies - Poquet a poquet<\/title>\n<meta name=\"robots\" content=\"index, follow, max-snippet:-1, max-image-preview:large, max-video-preview:-1\" \/>\n<link rel=\"canonical\" href=\"https:\/\/poquetapoquet.com\/en\/politica-de-cookies\/\" \/>\n<meta property=\"og:locale\" content=\"en_US\" \/>\n<meta property=\"og:type\" content=\"article\" \/>\n<meta property=\"og:title\" content=\"Pol\u00edtica de cookies - Poquet a poquet\" \/>\n<meta property=\"og:description\" content=\"Pol\u00edtica de cookies \u00bfQu\u00e9 son las Cookies? Las cookies son peque\u00f1os ficheros de datos que se generan en el ordenador del usuario y que nos permiten conocer su frecuencia de visitas, los contenidos m\u00e1s seleccionados y los elementos de seguridad que pueden intervenir en el control de acceso a \u00e1reas restringidas, as\u00ed como la visualizaci\u00f3n [&hellip;]\" \/>\n<meta property=\"og:url\" content=\"https:\/\/poquetapoquet.com\/en\/politica-de-cookies\/\" \/>\n<meta property=\"og:site_name\" content=\"Poquet a poquet\" \/>\n<meta property=\"article:modified_time\" content=\"2025-07-23T13:38:53+00:00\" \/>\n<meta name=\"twitter:card\" content=\"summary_large_image\" \/>\n<meta name=\"twitter:label1\" content=\"Est. reading time\" \/>\n\t<meta name=\"twitter:data1\" content=\"11 minutes\" \/>\n<script type=\"application\/ld+json\" class=\"yoast-schema-graph\">{\"@context\":\"https:\/\/schema.org\",\"@graph\":[{\"@type\":\"WebPage\",\"@id\":\"https:\/\/poquetapoquet.com\/politica-de-cookies\/\",\"url\":\"https:\/\/poquetapoquet.com\/politica-de-cookies\/\",\"name\":\"Pol\u00edtica de cookies - Poquet a poquet\",\"isPartOf\":{\"@id\":\"https:\/\/poquetapoquet.com\/#website\"},\"datePublished\":\"2025-05-12T15:14:46+00:00\",\"dateModified\":\"2025-07-23T13:38:53+00:00\",\"breadcrumb\":{\"@id\":\"https:\/\/poquetapoquet.com\/politica-de-cookies\/#breadcrumb\"},\"inLanguage\":\"en-US\",\"potentialAction\":[{\"@type\":\"ReadAction\",\"target\":[\"https:\/\/poquetapoquet.com\/politica-de-cookies\/\"]}]},{\"@type\":\"BreadcrumbList\",\"@id\":\"https:\/\/poquetapoquet.com\/politica-de-cookies\/#breadcrumb\",\"itemListElement\":[{\"@type\":\"ListItem\",\"position\":1,\"name\":\"Portada\",\"item\":\"https:\/\/poquetapoquet.com\/\"},{\"@type\":\"ListItem\",\"position\":2,\"name\":\"Pol\u00edtica de cookies\"}]},{\"@type\":\"WebSite\",\"@id\":\"https:\/\/poquetapoquet.com\/#website\",\"url\":\"https:\/\/poquetapoquet.com\/\",\"name\":\"Poquet a poquet\",\"description\":\"\",\"publisher\":{\"@id\":\"https:\/\/poquetapoquet.com\/#organization\"},\"potentialAction\":[{\"@type\":\"SearchAction\",\"target\":{\"@type\":\"EntryPoint\",\"urlTemplate\":\"https:\/\/poquetapoquet.com\/?s={search_term_string}\"},\"query-input\":{\"@type\":\"PropertyValueSpecification\",\"valueRequired\":true,\"valueName\":\"search_term_string\"}}],\"inLanguage\":\"en-US\"},{\"@type\":\"Organization\",\"@id\":\"https:\/\/poquetapoquet.com\/#organization\",\"name\":\"Poquet a poquet\",\"url\":\"https:\/\/poquetapoquet.com\/\",\"logo\":{\"@type\":\"ImageObject\",\"inLanguage\":\"en-US\",\"@id\":\"https:\/\/poquetapoquet.com\/#\/schema\/logo\/image\/\",\"url\":\"https:\/\/poquetapoquet.com\/wp-content\/uploads\/2025\/07\/Logo-Poquet-Redondo-Azul-1.png\",\"contentUrl\":\"https:\/\/poquetapoquet.com\/wp-content\/uploads\/2025\/07\/Logo-Poquet-Redondo-Azul-1.png\",\"width\":1973,\"height\":1972,\"caption\":\"Poquet a poquet\"},\"image\":{\"@id\":\"https:\/\/poquetapoquet.com\/#\/schema\/logo\/image\/\"},\"sameAs\":[\"https:\/\/www.instagram.com\/poquetapoquet_javea\/\"]}]}<\/script>\n<!-- \/ Yoast SEO plugin. -->","yoast_head_json":{"title":"Pol\u00edtica de cookies - Poquet a poquet","robots":{"index":"index","follow":"follow","max-snippet":"max-snippet:-1","max-image-preview":"max-image-preview:large","max-video-preview":"max-video-preview:-1"},"canonical":"https:\/\/poquetapoquet.com\/en\/politica-de-cookies\/","og_locale":"en_US","og_type":"article","og_title":"Pol\u00edtica de cookies - Poquet a poquet","og_description":"Pol\u00edtica de cookies \u00bfQu\u00e9 son las Cookies? Las cookies son peque\u00f1os ficheros de datos que se generan en el ordenador del usuario y que nos permiten conocer su frecuencia de visitas, los contenidos m\u00e1s seleccionados y los elementos de seguridad que pueden intervenir en el control de acceso a \u00e1reas restringidas, as\u00ed como la visualizaci\u00f3n [&hellip;]","og_url":"https:\/\/poquetapoquet.com\/en\/politica-de-cookies\/","og_site_name":"Poquet a poquet","article_modified_time":"2025-07-23T13:38:53+00:00","twitter_card":"summary_large_image","twitter_misc":{"Est. reading time":"11 minutes"},"schema":{"@context":"https:\/\/schema.org","@graph":[{"@type":"WebPage","@id":"https:\/\/poquetapoquet.com\/politica-de-cookies\/","url":"https:\/\/poquetapoquet.com\/politica-de-cookies\/","name":"Pol\u00edtica de cookies - Poquet a poquet","isPartOf":{"@id":"https:\/\/poquetapoquet.com\/#website"},"datePublished":"2025-05-12T15:14:46+00:00","dateModified":"2025-07-23T13:38:53+00:00","breadcrumb":{"@id":"https:\/\/poquetapoquet.com\/politica-de-cookies\/#breadcrumb"},"inLanguage":"en-US","potentialAction":[{"@type":"ReadAction","target":["https:\/\/poquetapoquet.com\/politica-de-cookies\/"]}]},{"@type":"BreadcrumbList","@id":"https:\/\/poquetapoquet.com\/politica-de-cookies\/#breadcrumb","itemListElement":[{"@type":"ListItem","position":1,"name":"Portada","item":"https:\/\/poquetapoquet.com\/"},{"@type":"ListItem","position":2,"name":"Pol\u00edtica de cookies"}]},{"@type":"WebSite","@id":"https:\/\/poquetapoquet.com\/#website","url":"https:\/\/poquetapoquet.com\/","name":"Poquet a poquet","description":"","publisher":{"@id":"https:\/\/poquetapoquet.com\/#organization"},"potentialAction":[{"@type":"SearchAction","target":{"@type":"EntryPoint","urlTemplate":"https:\/\/poquetapoquet.com\/?s={search_term_string}"},"query-input":{"@type":"PropertyValueSpecification","valueRequired":true,"valueName":"search_term_string"}}],"inLanguage":"en-US"},{"@type":"Organization","@id":"https:\/\/poquetapoquet.com\/#organization","name":"Poquet a poquet","url":"https:\/\/poquetapoquet.com\/","logo":{"@type":"ImageObject","inLanguage":"en-US","@id":"https:\/\/poquetapoquet.com\/#\/schema\/logo\/image\/","url":"https:\/\/poquetapoquet.com\/wp-content\/uploads\/2025\/07\/Logo-Poquet-Redondo-Azul-1.png","contentUrl":"https:\/\/poquetapoquet.com\/wp-content\/uploads\/2025\/07\/Logo-Poquet-Redondo-Azul-1.png","width":1973,"height":1972,"caption":"Poquet a poquet"},"image":{"@id":"https:\/\/poquetapoquet.com\/#\/schema\/logo\/image\/"},"sameAs":["https:\/\/www.instagram.com\/poquetapoquet_javea\/"]}]}},"_links":{"self":[{"href":"https:\/\/poquetapoquet.com\/en\/wp-json\/wp\/v2\/pages\/915","targetHints":{"allow":["GET"]}}],"collection":[{"href":"https:\/\/poquetapoquet.com\/en\/wp-json\/wp\/v2\/pages"}],"about":[{"href":"https:\/\/poquetapoquet.com\/en\/wp-json\/wp\/v2\/types\/page"}],"author":[{"embeddable":true,"href":"https:\/\/poquetapoquet.com\/en\/wp-json\/wp\/v2\/users\/1"}],"replies":[{"embeddable":true,"href":"https:\/\/poquetapoquet.com\/en\/wp-json\/wp\/v2\/comments?post=915"}],"version-history":[{"count":0,"href":"https:\/\/poquetapoquet.com\/en\/wp-json\/wp\/v2\/pages\/915\/revisions"}],"wp:attachment":[{"href":"https:\/\/poquetapoquet.com\/en\/wp-json\/wp\/v2\/media?parent=915"}],"curies":[{"name":"wp","href":"https:\/\/api.w.org\/{rel}","templated":true}]}}